{"id":111,"date":"2017-12-29T09:32:55","date_gmt":"2017-12-29T08:32:55","guid":{"rendered":"http:\/\/hotel-michele.de\/?page_id=111"},"modified":"2022-01-15T13:43:09","modified_gmt":"2022-01-15T12:43:09","slug":"breakfast","status":"publish","type":"page","link":"https:\/\/hotel-michele.de\/en\/hotel-michele-in-the-heart-of-berlin\/breakfast\/","title":{"rendered":"Breakfast, lunch and dinner options"},"content":{"rendered":"<div class=\"wpb-content-wrapper\"><p>[vc_row full_width=&#8221;stretch_row&#8221; el_class=&#8221;page-header&#8221; css=&#8221;.vc_custom_1641488362262{background-image: url(http:\/\/hotel-michele.de\/library\/pics\/hotel_breakfast_header.jpg?id=1107) !important;}&#8221;][vc_column][vc_raw_html]JTNDZGl2JTIwY2xhc3MlM0QlMjJtYWluLXN1YiUyMiUzRSUwQSUzQ2ElMjBocmVmJTNEJTIyaHR0cHMlM0ElMkYlMkZob3RlbC1taWNoZWxlLmRlJTJGZW4lMkZob3RlbC1taWNoZWxlLWluLXRoZS1oZWFydC1vZi1iZXJsaW4lMkZsb2NhdGlvbiUyRiUyMiUzRU91ciUyMGxvY2F0aW9uJTNDJTJGYSUzRSUwQSUzQ2ElMjBjbGFzcyUzRCUyMmFjdGl2ZSUyMiUyMGhyZWYlM0QlMjJodHRwcyUzQSUyRiUyRmhvdGVsLW1pY2hlbGUuZGUlMkZlbiUyRmhvdGVsLW1pY2hlbGUtaW4tdGhlLWhlYXJ0LW9mLWJlcmxpbiUyRmJyZWFrZmFzdCUyRiUyMiUzRUJyZWFrZmFzdCUyMGFuZCUyMGRpbmluZyUyMG9wdGlvbnMlM0MlMkZhJTNFJTBBJTNDYSUyMGhyZWYlM0QlMjJodHRwcyUzQSUyRiUyRmhvdGVsLW1pY2hlbGUuZGUlMkZlbiUyRmhvdGVsLW1pY2hlbGUtaW4tdGhlLWhlYXJ0LW9mLWJlcmxpbiUyRnF1aWRlJTJGJTIyJTNFSG93JTIwdG8lMjByZWFjaCUyMHlvdXIlMjBkZXNpcmVkJTIwcGxhY2VzJTNDJTJGYSUzRSUwQSUzQ2ElMjBocmVmJTNEJTIyaHR0cHMlM0ElMkYlMkZob3RlbC1taWNoZWxlLmRlJTJGZW4lMkZob3RlbC1taWNoZWxlLWluLXRoZS1oZWFydC1vZi1iZXJsaW4lMkZwbGFjZXMtbmVhci1vdXItaG90ZWwlMkYlMjIlM0VQbGFjZXMlMjBuZWFyJTIwb3VyJTIwaG90ZWwlM0MlMkZhJTNFJTBBJTNDYSUyMGhyZWYlM0QlMjJodHRwcyUzQSUyRiUyRmhvdGVsLW1pY2hlbGUuZGUlMkZlbiUyRmhvdGVsLW1pY2hlbGUtaW4tdGhlLWhlYXJ0LW9mLWJlcmxpbiUyRmJlcmxpbi1zaG9wcGluZyUyRiUyMiUzRUJlcmxpbiUyMHNob3BwaW5nJTIwJUUyJTgwJTk0JTIwYmVzdCUyMHNob3BzJTIwYW5kJTIwbWFya2V0cyUzQyUyRmElM0UlMEElM0NhJTIwaHJlZiUzRCUyMmh0dHBzJTNBJTJGJTJGaG90ZWwtbWljaGVsZS5kZSUyRmVuJTJGaG90ZWwtbWljaGVsZS1pbi10aGUtaGVhcnQtb2YtYmVybGluJTJGYmVybGluLWNpdHktdGF4JTJGJTIyJTNFQ2l0eSUyMHRheCUyMGluJTIwQmVybGluJTNDJTJGYSUzRSUwQSUzQyUyRmRpdiUzRQ==[\/vc_raw_html][vc_raw_html el_class=&#8221;mobile-scroll&#8221;]JTNDZGl2JTIwY2xhc3MlM0QlMjJzY3JvbGwtZG93biUyMiUzRSUwQSUzQ2klMjBjbGFzcyUzRCUyMmZhcyUyMGZhLWFycm93LWRvd24lMjIlM0UlM0MlMkZpJTNFJTA5JTBBJTNDJTJGZGl2JTNF[\/vc_raw_html][\/vc_column][\/vc_row][vc_row full_width=&#8221;stretch_row&#8221; el_class=&#8221;book-section&#8221;][vc_column css=&#8221;.vc_custom_1640622838478{padding-top: 0px !important;padding-right: 0px !important;}&#8221;][vc_column_text css=&#8221;.vc_custom_1641294687452{margin-bottom: 0px !important;}&#8221;]<a class=\"book-button\" href=\"https:\/\/www.c-res.net\/hotelmichele\/reservations.php\">Check rooms\/rates &amp; book<\/a>[\/vc_column_text][\/vc_column][\/vc_row][vc_row el_class=&#8221;main-cont&#8221;][vc_column width=&#8221;1\/2&#8243; el_class=&#8221;info-content&#8221; css=&#8221;.vc_custom_1639920574821{padding-right: 0px !important;padding-left: 0px !important;}&#8221;][vc_column_text]<\/p>\n<h1 class=\"page-title\">Breakfast, lunch, dinner and bars<\/h1>\n<p>You can enjoy your breakfast on the ground floor of our building (breakfast starting at 4,90 \u20ac ) or in the many cafes, inexpensive bakeries and affordable restaurants right next to\u00a0the hotel that offer great breakfast options for early birds and gourmets. Something for every taste and wallet! Currently we don\u2018t serve breakfast, but you will for sure find something suitable\u00a0in the area!<\/p>\n<p>Right next to our hotel are numerous cafes and affordable restaurants with various cuisines where you can have a delicious breakfast, lunch and dinner.<\/p>\n<p>We are also surrounded by great bars, which will make sure that your cravings for a cold German beer or a fancy cocktail will\u00a0be calmed.<\/p>\n<p>Do not worry, you will not starve here for sure.<\/p>\n<p>We wish you a pleasant and interesting stay in Berlin. We hope you\u2018ll be pleased with Berlin\u2018s tourism as well as its gastronomy.<\/p>\n<p><img loading=\"lazy\" decoding=\"async\" class=\"alignnone size-medium wp-image-1169\" src=\"http:\/\/hotel-michele.de\/library\/pics\/map-restaurants-600x472.png\" alt=\"Berlin Sch\u00f6neberg map for breakfast options\" width=\"750\" height=\"590\" srcset=\"https:\/\/hotel-michele.de\/library\/pics\/map-restaurants-600x472.png 600w, https:\/\/hotel-michele.de\/library\/pics\/map-restaurants.png 750w\" sizes=\"auto, (max-width: 750px) 100vw, 750px\" \/><\/p>\n<h3>Restaurants, caf\u00e9s &amp; bars in the Winterfeldtstra\u00dfe (Winterfeldt street)<\/h3>\n<ul>\n<li>Caf\u00e9 Moccas: Winterfeldtstra\u00dfe 2<\/li>\n<li>Boccacelli: Winterfeldtstra\u00dfe 34<\/li>\n<li>Belmundo: Winterfeldtstra\u00dfe 36<\/li>\n<li>Winterfeldt Diner: Winterfeldtstra\u00dfe 39<\/li>\n<li>Aki Tatsu Sushi &amp; More: Winterfeldtstra\u00dfe 40<\/li>\n<li>AMRIT: Winterfeldtstra\u00dfe 40<\/li>\n<li>Papaya: Winterfeldtstra\u00dfe 42<\/li>\n<li>Miss Honeypenny: Winterfeldtstra\u00dfe 44<\/li>\n<li>Berkis: Winterfeldtstra\u00dfe 45<\/li>\n<li>Miss Zucker: Winterfeldtstra\u00dfe 46<\/li>\n<li>Green Door Bar: Winterfeldtstra\u00dfe 50<\/li>\n<li>Restaurant April: Winterfeldtstra\u00dfe 56<\/li>\n<li>Restaurant Winterfeld: Winterfeldtstra\u00dfe 58<\/li>\n<\/ul>\n<h3>Restaurants, caf\u00e9s &amp; bars in the Maa\u00dfenstra\u00dfe (Maa\u00dfen street)<\/h3>\n<ul>\n<li>Keb\u2019up House: Maa\u00dfenstra\u00dfe 2<\/li>\n<li>Reza Caf\u00e9: Maa\u00dfenstra\u00dfe 4<\/li>\n<li>Maibach: Maa\u00dfenstra\u00dfe 5<\/li>\n<li>Cafe Berio: Maa\u00dfenstra\u00dfe 7<\/li>\n<li>Xara Cafe Lounge: Maa\u00dfenstra\u00dfe 7<\/li>\n<li>Hasir: Maa\u00dfenstra\u00dfe 10<\/li>\n<li>Maxway Coffee: Maa\u00dfenstra\u00dfe 13<\/li>\n<li>Boussi Falafel: Maa\u00dfenstra\u00dfe 14<\/li>\n<li>Eckstein: Maa\u00dfenstra\u00dfe 14 \/ Ecke Winterfeldtstr. 42<\/li>\n<\/ul>\n<h3>Restaurants, caf\u00e9s &amp; bars in the Goltzstra\u00dfe (Goltz street)<\/h3>\n<ul>\n<li>Sorgenfrei: Goltzstra\u00dfe 18<\/li>\n<li>Slumberland Bar: Goltzstra\u00dfe 24<\/li>\n<li>Mamsell: Goltzstra\u00dfe 48<\/li>\n<\/ul>\n<h3>Restaurants, Caf\u00e9s &amp; bars in the Motzstra\u00dfe (Motz street)<\/h3>\n<ul>\n<li>Zsa Zsa Burger: Motzstra\u00dfe 28<\/li>\n<li>More: Motzstra\u00dfe 28<\/li>\n<li>Sissi: Motzstra\u00dfe 34<\/li>\n<li>Osteria Ribaltone: Motzstra\u00dfe 54<\/li>\n<\/ul>\n<p>[\/vc_column_text][\/vc_column][vc_column width=&#8221;1\/2&#8243; el_class=&#8221;picture-content&#8221;][vc_media_grid element_width=&#8221;6&#8243; gap=&#8221;0&#8243; grid_id=&#8221;vc_gid:1642250458000-e102a9ea-2057-8&#8243; include=&#8221;1111,1113,1115,1117,1119,1121,1123,1125&#8243;][\/vc_column][\/vc_row][vc_row][vc_column][vc_raw_js]JTNDc2NyaXB0JTIwc3JjJTNEJTIyaHR0cHMlM0ElMkYlMkZhamF4Lmdvb2dsZWFwaXMuY29tJTJGYWpheCUyRmxpYnMlMkZqcXVlcnklMkYzLjQuMSUyRmpxdWVyeS5taW4uanMlMjIlM0UlM0MlMkZzY3JpcHQlM0UlMEElM0NzY3JpcHQlM0UlMjAlMEElMEF2YXIlMjB0aW1lb3V0JTNCJTBBJTBBJTI0JTI4d2luZG93JTI5LnNjcm9sbCUyOGZ1bmN0aW9uJTI4JTI5JTdCJTBBJTIwJTIwJTBBJTIwJTIwJTIwY2xlYXJUaW1lb3V0JTI4dGltZW91dCUyOSUzQiUyMCUyMCUwQSUyMCUyMCUyMHRpbWVvdXQlMjAlM0QlMjBzZXRUaW1lb3V0JTI4ZnVuY3Rpb24lMjglMjklMjAlN0IlMEElMjAlMjAlMjAlMjAlMjAlMjAlMjAlMjB2YXIlMjB4JTIwJTNEJTIwJTI0JTI4JTIyLnNjcm9sbC1kb3duJTIyJTI5Lm9mZnNldCUyOCUyOSUzQiUwQSUyMCUyMCUyMCUyMCUyMCUyMCUyMCUyMHZhciUyMHklMjAlM0QlMjAlMjQlMjglMjIubWFpbi1jb250JTIyJTI5Lm9mZnNldCUyOCUyOSUzQiUwQSUwQSUyMCUyMCUyMCUyMCUyMCUyMCUyMCUyMGlmJTIwJTI4JTI4JTI4eC50b3AlMjklMjAtJTIwJTI4eS50b3AlMjklMjklMjAlM0UlMjAyMCUyMCUyOSUyMCU3QiUwQSUyMCUyMCUyMCUyMCUyMCUyMCUyMCUyMCUyMCUyMCUyMCUyMCUyMCUyNCUyOCUyMi5zY3JvbGwtZG93biUyMiUyOS5oaWRlJTI4JTI5JTNCJTBBJTIwJTIwJTIwJTIwJTIwJTIwJTIwJTIwJTdEJTIwZWxzZSUyMCU3QiUwQSUyMCUyMCUyMCUyMCUyMCUyMCUyMCUyMCUyMCUyMCUyMCUyMCUyMCUyNCUyOCUyMi5zY3JvbGwtZG93biUyMiUyOS5zaG93JTI4JTI5JTNCJTBBJTIwJTIwJTIwJTIwJTIwJTIwJTIwJTIwJTIwJTIwJTIwJTIwJTIwdmFyJTIweCUyMCUzRCUyMCUyNCUyOCUyMi5zY3JvbGwtZG93biUyMiUyOS5vZmZzZXQlMjglMjklM0IlMEElMjAlMjAlMjAlMjAlMjAlMjAlMjAlMjAlMjAlMjAlMjAlMjAlMjB2YXIlMjB5JTIwJTNEJTIwJTI0JTI4JTIyLm1haW4tY29udCUyMiUyOS5vZmZzZXQlMjglMjklM0IlMEElMjAlMjAlMjAlMjAlMjAlMjAlMjAlMjAlMjAlMjAlMjAlMjAlMjBpZiUyMCUyOCUyOCUyOHgudG9wJTI5JTIwLSUyMCUyOHkudG9wJTI5JTI5JTIwJTNFJTIwMjAlMjAlMjklMjAlN0IlMEElMjAlMjAlMjAlMjAlMjAlMjAlMjAlMjAlMjAlMjAlMjAlMjAlMjAlMjAlMjAlMjAlMjQlMjglMjIuc2Nyb2xsLWRvd24lMjIlMjkuaGlkZSUyOCUyOSUzQiUwQSUyMCUyMCUyMCUyMCUyMCUyMCUyMCUyMCUyMCUyMCUyMCUyMCUyMCU3RCUyMCUwQSUyMCUyMCUyMCUyMCUyMCUyMCUyMCUyMCU3RCUwQSUyMCUyMCUyMCUyMCUyMCUyMCUyMCUyMCUwQSUyMCUyMCUyMCUyMCU3RCUyQyUyMDE1MCUyOSUzQiUwQSUwQSU3RCUyOSUzQiUwQSUwQSUzQyUyRnNjcmlwdCUzRQ==[\/vc_raw_js][\/vc_column][\/vc_row]<\/p>\n<\/div>","protected":false},"excerpt":{"rendered":"<p>[vc_row full_width=&#8221;stretch_row&#8221; el_class=&#8221;page-header&#8221; css=&#8221;.vc_custom_1641488362262{background-image: url(http:\/\/hotel-michele.de\/library\/pics\/hotel_breakfast_header.jpg?id=1107) !important;}&#8221;][vc_column][vc_raw_html]JTNDZGl2JTIwY2xhc3MlM0QlMjJtYWluLXN1YiUyMiUzRSUwQSUzQ2ElMjBocmVmJTNEJTIyaHR0cHMlM0ElMkYlMkZob3RlbC1taWNoZWxlLmRlJTJGZW4lMkZob3RlbC1taWNoZWxlLWluLXRoZS1oZWFydC1vZi1iZXJsaW4lMkZsb2NhdGlvbiUyRiUyMiUzRU91ciUyMGxvY2F0aW9uJTNDJTJGYSUzRSUwQSUzQ2ElMjBjbGFzcyUzRCUyMmFjdGl2ZSUyMiUyMGhyZWYlM0QlMjJodHRwcyUzQSUyRiUyRmhvdGVsLW1pY2hlbGUuZGUlMkZlbiUyRmhvdGVsLW1pY2hlbGUtaW4tdGhlLWhlYXJ0LW9mLWJlcmxpbiUyRmJyZWFrZmFzdCUyRiUyMiUzRUJyZWFrZmFzdCUyMGFuZCUyMGRpbmluZyUyMG9wdGlvbnMlM0MlMkZhJTNFJTBBJTNDYSUyMGhyZWYlM0QlMjJodHRwcyUzQSUyRiUyRmhvdGVsLW1pY2hlbGUuZGUlMkZlbiUyRmhvdGVsLW1pY2hlbGUtaW4tdGhlLWhlYXJ0LW9mLWJlcmxpbiUyRnF1aWRlJTJGJTIyJTNFSG93JTIwdG8lMjByZWFjaCUyMHlvdXIlMjBkZXNpcmVkJTIwcGxhY2VzJTNDJTJGYSUzRSUwQSUzQ2ElMjBocmVmJTNEJTIyaHR0cHMlM0ElMkYlMkZob3RlbC1taWNoZWxlLmRlJTJGZW4lMkZob3RlbC1taWNoZWxlLWluLXRoZS1oZWFydC1vZi1iZXJsaW4lMkZwbGFjZXMtbmVhci1vdXItaG90ZWwlMkYlMjIlM0VQbGFjZXMlMjBuZWFyJTIwb3VyJTIwaG90ZWwlM0MlMkZhJTNFJTBBJTNDYSUyMGhyZWYlM0QlMjJodHRwcyUzQSUyRiUyRmhvdGVsLW1pY2hlbGUuZGUlMkZlbiUyRmhvdGVsLW1pY2hlbGUtaW4tdGhlLWhlYXJ0LW9mLWJlcmxpbiUyRmJlcmxpbi1zaG9wcGluZyUyRiUyMiUzRUJlcmxpbiUyMHNob3BwaW5nJTIwJUUyJTgwJTk0JTIwYmVzdCUyMHNob3BzJTIwYW5kJTIwbWFya2V0cyUzQyUyRmElM0UlMEElM0NhJTIwaHJlZiUzRCUyMmh0dHBzJTNBJTJGJTJGaG90ZWwtbWljaGVsZS5kZSUyRmVuJTJGaG90ZWwtbWljaGVsZS1pbi10aGUtaGVhcnQtb2YtYmVybGluJTJGYmVybGluLWNpdHktdGF4JTJGJTIyJTNFQ2l0eSUyMHRheCUyMGluJTIwQmVybGluJTNDJTJGYSUzRSUwQSUzQyUyRmRpdiUzRQ==[\/vc_raw_html][vc_raw_html el_class=&#8221;mobile-scroll&#8221;]JTNDZGl2JTIwY2xhc3MlM0QlMjJzY3JvbGwtZG93biUyMiUzRSUwQSUzQ2klMjBjbGFzcyUzRCUyMmZhcyUyMGZhLWFycm93LWRvd24lMjIlM0UlM0MlMkZpJTNFJTA5JTBBJTNDJTJGZGl2JTNF[\/vc_raw_html][\/vc_column][\/vc_row][vc_row full_width=&#8221;stretch_row&#8221; el_class=&#8221;book-section&#8221;][vc_column css=&#8221;.vc_custom_1640622838478{padding-top: 0px !important;padding-right: 0px !important;}&#8221;][vc_column_text css=&#8221;.vc_custom_1641294687452{margin-bottom: 0px !important;}&#8221;]Check rooms\/rates &amp; book[\/vc_column_text][\/vc_column][\/vc_row][vc_row el_class=&#8221;main-cont&#8221;][vc_column width=&#8221;1\/2&#8243; el_class=&#8221;info-content&#8221; css=&#8221;.vc_custom_1639920574821{padding-right: 0px !important;padding-left: 0px !important;}&#8221;][vc_column_text] Breakfast, lunch, dinner and bars You can enjoy your breakfast on the ground floor of our building (breakfast starting at 4,90 \u20ac ) or in the many&hellip;&nbsp;<a href=\"https:\/\/hotel-michele.de\/en\/hotel-michele-in-the-heart-of-berlin\/breakfast\/\" rel=\"bookmark\">Read More &raquo;<span class=\"screen-reader-text\">Breakfast, lunch and dinner options<\/span><\/a><\/p>\n","protected":false},"author":1,"featured_media":1107,"parent":199,"menu_order":0,"comment_status":"closed","ping_status":"closed","template":"","meta":{"neve_meta_sidebar":"","neve_meta_container":"","neve_meta_enable_content_width":"off","neve_meta_content_width":100,"neve_meta_title_alignment":"","neve_meta_author_avatar":"","neve_post_elements_order":"","neve_meta_disable_header":"","neve_meta_disable_footer":"","neve_meta_disable_title":"on","footnotes":""},"class_list":["post-111","page","type-page","status-publish","has-post-thumbnail","hentry"],"yoast_head":"<!-- This site is optimized with the Yoast SEO plugin v27.4 - https:\/\/yoast.com\/product\/yoast-seo-wordpress\/ -->\n<title>Breakfast, lunch and dinner options &#8211; Hotel \u201eMich\u00e8le\u201c<\/title>\n<meta name=\"robots\" content=\"index, follow, max-snippet:-1, max-image-preview:large, max-video-preview:-1\" \/>\n<link rel=\"canonical\" href=\"https:\/\/hotel-michele.de\/en\/hotel-michele-in-the-heart-of-berlin\/breakfast\/\" \/>\n<meta property=\"og:locale\" content=\"en_US\" \/>\n<meta property=\"og:type\" content=\"article\" \/>\n<meta property=\"og:title\" content=\"Breakfast, lunch and dinner options &#8211; Hotel \u201eMich\u00e8le\u201c\" \/>\n<meta property=\"og:description\" content=\"[vc_row full_width=&#8221;stretch_row&#8221; el_class=&#8221;page-header&#8221; css=&#8221;.vc_custom_1641488362262{background-image: url(http:\/\/hotel-michele.de\/library\/pics\/hotel_breakfast_header.jpg?id=1107) !important;}&#8221;][vc_column][vc_raw_html]JTNDZGl2JTIwY2xhc3MlM0QlMjJtYWluLXN1YiUyMiUzRSUwQSUzQ2ElMjBocmVmJTNEJTIyaHR0cHMlM0ElMkYlMkZob3RlbC1taWNoZWxlLmRlJTJGZW4lMkZob3RlbC1taWNoZWxlLWluLXRoZS1oZWFydC1vZi1iZXJsaW4lMkZsb2NhdGlvbiUyRiUyMiUzRU91ciUyMGxvY2F0aW9uJTNDJTJGYSUzRSUwQSUzQ2ElMjBjbGFzcyUzRCUyMmFjdGl2ZSUyMiUyMGhyZWYlM0QlMjJodHRwcyUzQSUyRiUyRmhvdGVsLW1pY2hlbGUuZGUlMkZlbiUyRmhvdGVsLW1pY2hlbGUtaW4tdGhlLWhlYXJ0LW9mLWJlcmxpbiUyRmJyZWFrZmFzdCUyRiUyMiUzRUJyZWFrZmFzdCUyMGFuZCUyMGRpbmluZyUyMG9wdGlvbnMlM0MlMkZhJTNFJTBBJTNDYSUyMGhyZWYlM0QlMjJodHRwcyUzQSUyRiUyRmhvdGVsLW1pY2hlbGUuZGUlMkZlbiUyRmhvdGVsLW1pY2hlbGUtaW4tdGhlLWhlYXJ0LW9mLWJlcmxpbiUyRnF1aWRlJTJGJTIyJTNFSG93JTIwdG8lMjByZWFjaCUyMHlvdXIlMjBkZXNpcmVkJTIwcGxhY2VzJTNDJTJGYSUzRSUwQSUzQ2ElMjBocmVmJTNEJTIyaHR0cHMlM0ElMkYlMkZob3RlbC1taWNoZWxlLmRlJTJGZW4lMkZob3RlbC1taWNoZWxlLWluLXRoZS1oZWFydC1vZi1iZXJsaW4lMkZwbGFjZXMtbmVhci1vdXItaG90ZWwlMkYlMjIlM0VQbGFjZXMlMjBuZWFyJTIwb3VyJTIwaG90ZWwlM0MlMkZhJTNFJTBBJTNDYSUyMGhyZWYlM0QlMjJodHRwcyUzQSUyRiUyRmhvdGVsLW1pY2hlbGUuZGUlMkZlbiUyRmhvdGVsLW1pY2hlbGUtaW4tdGhlLWhlYXJ0LW9mLWJlcmxpbiUyRmJlcmxpbi1zaG9wcGluZyUyRiUyMiUzRUJlcmxpbiUyMHNob3BwaW5nJTIwJUUyJTgwJTk0JTIwYmVzdCUyMHNob3BzJTIwYW5kJTIwbWFya2V0cyUzQyUyRmElM0UlMEElM0NhJTIwaHJlZiUzRCUyMmh0dHBzJTNBJTJGJTJGaG90ZWwtbWljaGVsZS5kZSUyRmVuJTJGaG90ZWwtbWljaGVsZS1pbi10aGUtaGVhcnQtb2YtYmVybGluJTJGYmVybGluLWNpdHktdGF4JTJGJTIyJTNFQ2l0eSUyMHRheCUyMGluJTIwQmVybGluJTNDJTJGYSUzRSUwQSUzQyUyRmRpdiUzRQ==[\/vc_raw_html][vc_raw_html el_class=&#8221;mobile-scroll&#8221;]JTNDZGl2JTIwY2xhc3MlM0QlMjJzY3JvbGwtZG93biUyMiUzRSUwQSUzQ2klMjBjbGFzcyUzRCUyMmZhcyUyMGZhLWFycm93LWRvd24lMjIlM0UlM0MlMkZpJTNFJTA5JTBBJTNDJTJGZGl2JTNF[\/vc_raw_html][\/vc_column][\/vc_row][vc_row full_width=&#8221;stretch_row&#8221; el_class=&#8221;book-section&#8221;][vc_column css=&#8221;.vc_custom_1640622838478{padding-top: 0px !important;padding-right: 0px !important;}&#8221;][vc_column_text css=&#8221;.vc_custom_1641294687452{margin-bottom: 0px !important;}&#8221;]Check rooms\/rates &amp; book[\/vc_column_text][\/vc_column][\/vc_row][vc_row el_class=&#8221;main-cont&#8221;][vc_column width=&#8221;1\/2&#8243; el_class=&#8221;info-content&#8221; css=&#8221;.vc_custom_1639920574821{padding-right: 0px !important;padding-left: 0px !important;}&#8221;][vc_column_text] Breakfast, lunch, dinner and bars You can enjoy your breakfast on the ground floor of our building (breakfast starting at 4,90 \u20ac ) or in the many&hellip;&nbsp;Read More &raquo;Breakfast, lunch and dinner options\" \/>\n<meta property=\"og:url\" content=\"https:\/\/hotel-michele.de\/en\/hotel-michele-in-the-heart-of-berlin\/breakfast\/\" \/>\n<meta property=\"og:site_name\" content=\"Hotel \u201eMich\u00e8le\u201c\" \/>\n<meta property=\"article:publisher\" content=\"https:\/\/www.facebook.com\/hotel.michele.de\/\" \/>\n<meta property=\"article:modified_time\" content=\"2022-01-15T12:43:09+00:00\" \/>\n<meta property=\"og:image\" content=\"https:\/\/hotel-michele.de\/library\/pics\/hotel_breakfast_header.jpg\" \/>\n\t<meta property=\"og:image:width\" content=\"1500\" \/>\n\t<meta property=\"og:image:height\" content=\"640\" \/>\n\t<meta property=\"og:image:type\" content=\"image\/jpeg\" \/>\n<meta name=\"twitter:card\" content=\"summary_large_image\" \/>\n<meta name=\"twitter:label1\" content=\"Est. reading time\" \/>\n\t<meta name=\"twitter:data1\" content=\"3 minutes\" \/>\n<script type=\"application\/ld+json\" class=\"yoast-schema-graph\">{\"@context\":\"https:\\\/\\\/schema.org\",\"@graph\":[{\"@type\":\"WebPage\",\"@id\":\"https:\\\/\\\/hotel-michele.de\\\/en\\\/hotel-michele-in-the-heart-of-berlin\\\/breakfast\\\/\",\"url\":\"https:\\\/\\\/hotel-michele.de\\\/en\\\/hotel-michele-in-the-heart-of-berlin\\\/breakfast\\\/\",\"name\":\"Breakfast, lunch and dinner options &#8211; Hotel \u201eMich\u00e8le\u201c\",\"isPartOf\":{\"@id\":\"https:\\\/\\\/hotel-michele.de\\\/#website\"},\"primaryImageOfPage\":{\"@id\":\"https:\\\/\\\/hotel-michele.de\\\/en\\\/hotel-michele-in-the-heart-of-berlin\\\/breakfast\\\/#primaryimage\"},\"image\":{\"@id\":\"https:\\\/\\\/hotel-michele.de\\\/en\\\/hotel-michele-in-the-heart-of-berlin\\\/breakfast\\\/#primaryimage\"},\"thumbnailUrl\":\"https:\\\/\\\/hotel-michele.de\\\/library\\\/pics\\\/hotel_breakfast_header.jpg\",\"datePublished\":\"2017-12-29T08:32:55+00:00\",\"dateModified\":\"2022-01-15T12:43:09+00:00\",\"breadcrumb\":{\"@id\":\"https:\\\/\\\/hotel-michele.de\\\/en\\\/hotel-michele-in-the-heart-of-berlin\\\/breakfast\\\/#breadcrumb\"},\"inLanguage\":\"en-US\",\"potentialAction\":[{\"@type\":\"ReadAction\",\"target\":[\"https:\\\/\\\/hotel-michele.de\\\/en\\\/hotel-michele-in-the-heart-of-berlin\\\/breakfast\\\/\"]}]},{\"@type\":\"ImageObject\",\"inLanguage\":\"en-US\",\"@id\":\"https:\\\/\\\/hotel-michele.de\\\/en\\\/hotel-michele-in-the-heart-of-berlin\\\/breakfast\\\/#primaryimage\",\"url\":\"https:\\\/\\\/hotel-michele.de\\\/library\\\/pics\\\/hotel_breakfast_header.jpg\",\"contentUrl\":\"https:\\\/\\\/hotel-michele.de\\\/library\\\/pics\\\/hotel_breakfast_header.jpg\",\"width\":1500,\"height\":640},{\"@type\":\"BreadcrumbList\",\"@id\":\"https:\\\/\\\/hotel-michele.de\\\/en\\\/hotel-michele-in-the-heart-of-berlin\\\/breakfast\\\/#breadcrumb\",\"itemListElement\":[{\"@type\":\"ListItem\",\"position\":1,\"name\":\"Startseite\",\"item\":\"https:\\\/\\\/hotel-michele.de\\\/en\\\/\"},{\"@type\":\"ListItem\",\"position\":2,\"name\":\"Hotel Michele in the heart\u00a0of Berlin\",\"item\":\"https:\\\/\\\/hotel-michele.de\\\/en\\\/hotel-michele-in-the-heart-of-berlin\\\/\"},{\"@type\":\"ListItem\",\"position\":3,\"name\":\"Breakfast, lunch and dinner options\"}]},{\"@type\":\"WebSite\",\"@id\":\"https:\\\/\\\/hotel-michele.de\\\/#website\",\"url\":\"https:\\\/\\\/hotel-michele.de\\\/\",\"name\":\"Hotel \u201eMich\u00e8le\u201c\",\"description\":\"\",\"publisher\":{\"@id\":\"https:\\\/\\\/hotel-michele.de\\\/#organization\"},\"potentialAction\":[{\"@type\":\"SearchAction\",\"target\":{\"@type\":\"EntryPoint\",\"urlTemplate\":\"https:\\\/\\\/hotel-michele.de\\\/?s={search_term_string}\"},\"query-input\":{\"@type\":\"PropertyValueSpecification\",\"valueRequired\":true,\"valueName\":\"search_term_string\"}}],\"inLanguage\":\"en-US\"},{\"@type\":\"Organization\",\"@id\":\"https:\\\/\\\/hotel-michele.de\\\/#organization\",\"name\":\"Hotel Michele\",\"url\":\"https:\\\/\\\/hotel-michele.de\\\/\",\"logo\":{\"@type\":\"ImageObject\",\"inLanguage\":\"en-US\",\"@id\":\"https:\\\/\\\/hotel-michele.de\\\/#\\\/schema\\\/logo\\\/image\\\/\",\"url\":\"https:\\\/\\\/hotel-michele.de\\\/library\\\/pics\\\/logomichele.jpg\",\"contentUrl\":\"https:\\\/\\\/hotel-michele.de\\\/library\\\/pics\\\/logomichele.jpg\",\"width\":273,\"height\":132,\"caption\":\"Hotel Michele\"},\"image\":{\"@id\":\"https:\\\/\\\/hotel-michele.de\\\/#\\\/schema\\\/logo\\\/image\\\/\"},\"sameAs\":[\"https:\\\/\\\/www.facebook.com\\\/hotel.michele.de\\\/\",\"https:\\\/\\\/www.instagram.com\\\/hotel_michele_berlin\\\/\"]}]}<\/script>\n<!-- \/ Yoast SEO plugin. -->","yoast_head_json":{"title":"Breakfast, lunch and dinner options &#8211; Hotel \u201eMich\u00e8le\u201c","robots":{"index":"index","follow":"follow","max-snippet":"max-snippet:-1","max-image-preview":"max-image-preview:large","max-video-preview":"max-video-preview:-1"},"canonical":"https:\/\/hotel-michele.de\/en\/hotel-michele-in-the-heart-of-berlin\/breakfast\/","og_locale":"en_US","og_type":"article","og_title":"Breakfast, lunch and dinner options &#8211; Hotel \u201eMich\u00e8le\u201c","og_description":"[vc_row full_width=&#8221;stretch_row&#8221; el_class=&#8221;page-header&#8221; css=&#8221;.vc_custom_1641488362262{background-image: url(http:\/\/hotel-michele.de\/library\/pics\/hotel_breakfast_header.jpg?id=1107) !important;}&#8221;][vc_column][vc_raw_html]JTNDZGl2JTIwY2xhc3MlM0QlMjJtYWluLXN1YiUyMiUzRSUwQSUzQ2ElMjBocmVmJTNEJTIyaHR0cHMlM0ElMkYlMkZob3RlbC1taWNoZWxlLmRlJTJGZW4lMkZob3RlbC1taWNoZWxlLWluLXRoZS1oZWFydC1vZi1iZXJsaW4lMkZsb2NhdGlvbiUyRiUyMiUzRU91ciUyMGxvY2F0aW9uJTNDJTJGYSUzRSUwQSUzQ2ElMjBjbGFzcyUzRCUyMmFjdGl2ZSUyMiUyMGhyZWYlM0QlMjJodHRwcyUzQSUyRiUyRmhvdGVsLW1pY2hlbGUuZGUlMkZlbiUyRmhvdGVsLW1pY2hlbGUtaW4tdGhlLWhlYXJ0LW9mLWJlcmxpbiUyRmJyZWFrZmFzdCUyRiUyMiUzRUJyZWFrZmFzdCUyMGFuZCUyMGRpbmluZyUyMG9wdGlvbnMlM0MlMkZhJTNFJTBBJTNDYSUyMGhyZWYlM0QlMjJodHRwcyUzQSUyRiUyRmhvdGVsLW1pY2hlbGUuZGUlMkZlbiUyRmhvdGVsLW1pY2hlbGUtaW4tdGhlLWhlYXJ0LW9mLWJlcmxpbiUyRnF1aWRlJTJGJTIyJTNFSG93JTIwdG8lMjByZWFjaCUyMHlvdXIlMjBkZXNpcmVkJTIwcGxhY2VzJTNDJTJGYSUzRSUwQSUzQ2ElMjBocmVmJTNEJTIyaHR0cHMlM0ElMkYlMkZob3RlbC1taWNoZWxlLmRlJTJGZW4lMkZob3RlbC1taWNoZWxlLWluLXRoZS1oZWFydC1vZi1iZXJsaW4lMkZwbGFjZXMtbmVhci1vdXItaG90ZWwlMkYlMjIlM0VQbGFjZXMlMjBuZWFyJTIwb3VyJTIwaG90ZWwlM0MlMkZhJTNFJTBBJTNDYSUyMGhyZWYlM0QlMjJodHRwcyUzQSUyRiUyRmhvdGVsLW1pY2hlbGUuZGUlMkZlbiUyRmhvdGVsLW1pY2hlbGUtaW4tdGhlLWhlYXJ0LW9mLWJlcmxpbiUyRmJlcmxpbi1zaG9wcGluZyUyRiUyMiUzRUJlcmxpbiUyMHNob3BwaW5nJTIwJUUyJTgwJTk0JTIwYmVzdCUyMHNob3BzJTIwYW5kJTIwbWFya2V0cyUzQyUyRmElM0UlMEElM0NhJTIwaHJlZiUzRCUyMmh0dHBzJTNBJTJGJTJGaG90ZWwtbWljaGVsZS5kZSUyRmVuJTJGaG90ZWwtbWljaGVsZS1pbi10aGUtaGVhcnQtb2YtYmVybGluJTJGYmVybGluLWNpdHktdGF4JTJGJTIyJTNFQ2l0eSUyMHRheCUyMGluJTIwQmVybGluJTNDJTJGYSUzRSUwQSUzQyUyRmRpdiUzRQ==[\/vc_raw_html][vc_raw_html el_class=&#8221;mobile-scroll&#8221;]JTNDZGl2JTIwY2xhc3MlM0QlMjJzY3JvbGwtZG93biUyMiUzRSUwQSUzQ2klMjBjbGFzcyUzRCUyMmZhcyUyMGZhLWFycm93LWRvd24lMjIlM0UlM0MlMkZpJTNFJTA5JTBBJTNDJTJGZGl2JTNF[\/vc_raw_html][\/vc_column][\/vc_row][vc_row full_width=&#8221;stretch_row&#8221; el_class=&#8221;book-section&#8221;][vc_column css=&#8221;.vc_custom_1640622838478{padding-top: 0px !important;padding-right: 0px !important;}&#8221;][vc_column_text css=&#8221;.vc_custom_1641294687452{margin-bottom: 0px !important;}&#8221;]Check rooms\/rates &amp; book[\/vc_column_text][\/vc_column][\/vc_row][vc_row el_class=&#8221;main-cont&#8221;][vc_column width=&#8221;1\/2&#8243; el_class=&#8221;info-content&#8221; css=&#8221;.vc_custom_1639920574821{padding-right: 0px !important;padding-left: 0px !important;}&#8221;][vc_column_text] Breakfast, lunch, dinner and bars You can enjoy your breakfast on the ground floor of our building (breakfast starting at 4,90 \u20ac ) or in the many&hellip;&nbsp;Read More &raquo;Breakfast, lunch and dinner options","og_url":"https:\/\/hotel-michele.de\/en\/hotel-michele-in-the-heart-of-berlin\/breakfast\/","og_site_name":"Hotel \u201eMich\u00e8le\u201c","article_publisher":"https:\/\/www.facebook.com\/hotel.michele.de\/","article_modified_time":"2022-01-15T12:43:09+00:00","og_image":[{"width":1500,"height":640,"url":"https:\/\/hotel-michele.de\/library\/pics\/hotel_breakfast_header.jpg","type":"image\/jpeg"}],"twitter_card":"summary_large_image","twitter_misc":{"Est. reading time":"3 minutes"},"schema":{"@context":"https:\/\/schema.org","@graph":[{"@type":"WebPage","@id":"https:\/\/hotel-michele.de\/en\/hotel-michele-in-the-heart-of-berlin\/breakfast\/","url":"https:\/\/hotel-michele.de\/en\/hotel-michele-in-the-heart-of-berlin\/breakfast\/","name":"Breakfast, lunch and dinner options &#8211; Hotel \u201eMich\u00e8le\u201c","isPartOf":{"@id":"https:\/\/hotel-michele.de\/#website"},"primaryImageOfPage":{"@id":"https:\/\/hotel-michele.de\/en\/hotel-michele-in-the-heart-of-berlin\/breakfast\/#primaryimage"},"image":{"@id":"https:\/\/hotel-michele.de\/en\/hotel-michele-in-the-heart-of-berlin\/breakfast\/#primaryimage"},"thumbnailUrl":"https:\/\/hotel-michele.de\/library\/pics\/hotel_breakfast_header.jpg","datePublished":"2017-12-29T08:32:55+00:00","dateModified":"2022-01-15T12:43:09+00:00","breadcrumb":{"@id":"https:\/\/hotel-michele.de\/en\/hotel-michele-in-the-heart-of-berlin\/breakfast\/#breadcrumb"},"inLanguage":"en-US","potentialAction":[{"@type":"ReadAction","target":["https:\/\/hotel-michele.de\/en\/hotel-michele-in-the-heart-of-berlin\/breakfast\/"]}]},{"@type":"ImageObject","inLanguage":"en-US","@id":"https:\/\/hotel-michele.de\/en\/hotel-michele-in-the-heart-of-berlin\/breakfast\/#primaryimage","url":"https:\/\/hotel-michele.de\/library\/pics\/hotel_breakfast_header.jpg","contentUrl":"https:\/\/hotel-michele.de\/library\/pics\/hotel_breakfast_header.jpg","width":1500,"height":640},{"@type":"BreadcrumbList","@id":"https:\/\/hotel-michele.de\/en\/hotel-michele-in-the-heart-of-berlin\/breakfast\/#breadcrumb","itemListElement":[{"@type":"ListItem","position":1,"name":"Startseite","item":"https:\/\/hotel-michele.de\/en\/"},{"@type":"ListItem","position":2,"name":"Hotel Michele in the heart\u00a0of Berlin","item":"https:\/\/hotel-michele.de\/en\/hotel-michele-in-the-heart-of-berlin\/"},{"@type":"ListItem","position":3,"name":"Breakfast, lunch and dinner options"}]},{"@type":"WebSite","@id":"https:\/\/hotel-michele.de\/#website","url":"https:\/\/hotel-michele.de\/","name":"Hotel \u201eMich\u00e8le\u201c","description":"","publisher":{"@id":"https:\/\/hotel-michele.de\/#organization"},"potentialAction":[{"@type":"SearchAction","target":{"@type":"EntryPoint","urlTemplate":"https:\/\/hotel-michele.de\/?s={search_term_string}"},"query-input":{"@type":"PropertyValueSpecification","valueRequired":true,"valueName":"search_term_string"}}],"inLanguage":"en-US"},{"@type":"Organization","@id":"https:\/\/hotel-michele.de\/#organization","name":"Hotel Michele","url":"https:\/\/hotel-michele.de\/","logo":{"@type":"ImageObject","inLanguage":"en-US","@id":"https:\/\/hotel-michele.de\/#\/schema\/logo\/image\/","url":"https:\/\/hotel-michele.de\/library\/pics\/logomichele.jpg","contentUrl":"https:\/\/hotel-michele.de\/library\/pics\/logomichele.jpg","width":273,"height":132,"caption":"Hotel Michele"},"image":{"@id":"https:\/\/hotel-michele.de\/#\/schema\/logo\/image\/"},"sameAs":["https:\/\/www.facebook.com\/hotel.michele.de\/","https:\/\/www.instagram.com\/hotel_michele_berlin\/"]}]}},"_links":{"self":[{"href":"https:\/\/hotel-michele.de\/en\/wp-json\/wp\/v2\/pages\/111","targetHints":{"allow":["GET"]}}],"collection":[{"href":"https:\/\/hotel-michele.de\/en\/wp-json\/wp\/v2\/pages"}],"about":[{"href":"https:\/\/hotel-michele.de\/en\/wp-json\/wp\/v2\/types\/page"}],"author":[{"embeddable":true,"href":"https:\/\/hotel-michele.de\/en\/wp-json\/wp\/v2\/users\/1"}],"replies":[{"embeddable":true,"href":"https:\/\/hotel-michele.de\/en\/wp-json\/wp\/v2\/comments?post=111"}],"version-history":[{"count":13,"href":"https:\/\/hotel-michele.de\/en\/wp-json\/wp\/v2\/pages\/111\/revisions"}],"predecessor-version":[{"id":1656,"href":"https:\/\/hotel-michele.de\/en\/wp-json\/wp\/v2\/pages\/111\/revisions\/1656"}],"up":[{"embeddable":true,"href":"https:\/\/hotel-michele.de\/en\/wp-json\/wp\/v2\/pages\/199"}],"wp:featuredmedia":[{"embeddable":true,"href":"https:\/\/hotel-michele.de\/en\/wp-json\/wp\/v2\/media\/1107"}],"wp:attachment":[{"href":"https:\/\/hotel-michele.de\/en\/wp-json\/wp\/v2\/media?parent=111"}],"curies":[{"name":"wp","href":"https:\/\/api.w.org\/{rel}","templated":true}]}}